{"id":24,"date":"2016-12-15T11:53:06","date_gmt":"2016-12-15T11:53:06","guid":{"rendered":"https:\/\/overlander.reisen\/?page_id=24"},"modified":"2023-03-15T12:19:39","modified_gmt":"2023-03-15T12:19:39","slug":"ueber-mich","status":"publish","type":"page","link":"https:\/\/overlander.reisen\/?page_id=24","title":{"rendered":"\u00dcber Mich"},"content":{"rendered":"<p><strong>Meine Leidenschaft zum Automobil<\/strong><\/p>\n<p>Schon in meiner Kindheit hat mich das Automobil fasziniert. Wie jeder Junge hatte auch ich meinen Traumberuf. Rennfahrer nat\u00fcrlich. Meine gro\u00dfen Vorbilder waren Graf Berghe von Trips, Rudolf Caracciola, Sterling Moss, Jim Clark, Graham Hill. Eine Bemerkung von Graham Hill zu seinem Rennwagen habe ich bis heute behalten. &#8222;Wenn mich mein rechtes Hinterrad \u00fcberholt, wei\u00df ich, dass ich in einem Lotus sitze&#8220;. Aber auch die Fahrer Karl Klink und Hans Klenk, denen bei der Carrera Panamericana ein Geier in die Windschutzscheibe flog, hatten es mir angetan. Soweit mein Kindheitstraum.<\/p>\n<p>Als ich mit meiner Schulausbildung fertig war, wollte ich eigentlich Ingenieur werden und Automobile bauen. Da mir niemand sagen konnte wie ich das machen konnte, blieb nur die Ausbildung in einem Handwerksberuf, KFZ-Mechaniker nat\u00fcrlich. Bei der Bundeswehr kam dann bie Ausbildung zum Hubschraubermechaniker hinzu. In dieser Zeit hatte ich viele Kameraden, die anschlie\u00dfend ein Studium machen wollten. Die meisten Maschinenbau, in Bielefeld, Hannover oder Lemgo. Was die konnten, konnte ich doch eigentlich auch, nur Fahrzeugbau musste es sein. Also in Hamburg an der ehemaligen Wagenbauschule, jetzt Fachhochschule f\u00fcr Fahrzeugtechnik angemeldet und dort den Schwerpunkt Karosseriekonstruktion gew\u00e4hlt. 1977 war es dann soweit. Jetzt hatte sich mein Traum doch noch erf\u00fcllt. Seitdem habe ich immer mit der Fahrzeugentwicklung zu tun gehabt, als Entwickler und sp\u00e4ter als Trainer und Ausbilder.<\/p>\n<p>Daraus hat sich auch die Leidenschaft zum Automobil und der Restauration von Oldtimern entwickelt. Irgendwann hatte ich das Gef\u00fchl, dass ich selbst ein altes Auto wieder aufbauen sollte. Diesen Traum habe ich mir 1998 erf\u00fcllt. Ein MGA war mein erstes Objekt und ich habe ungef\u00e4hr 5 Jahre ben\u00f6tigt um aus einem 3D Puzzle ein fahrbares Automobil zu machen. Es ist heute das \u00e4lteste Fahrzeug meiner Sammlung. Apropos Sammlung, der MGA sollte nicht das letzte Auto werden. Irgenwann hatte ich das Ziel aus jedem gelebten Jahrzehnt ein besonders Fahrzeug zu besitzen. Da ich mit den modernen Fahrzeugen mit eigenen Arbeiten keine M\u00f6glichkeiten mehr habe, weil Rechnersysteme und Software n\u00f6tig sind, habe ich mit dem Jahr 2000 einen Schlu\u00dfpunkt gesetzt. Als Entsch\u00e4digung daf\u00fcr habe ich mir eine britische Ikone aus dem Jahr 1973&nbsp; zugelegt. Damit ist meine Sammlung nun erst einmal abgeschlossen.<\/p>\n<p>&nbsp;<\/p>\n<p>&nbsp;<\/p>\n","protected":false},"excerpt":{"rendered":"<p>Meine Leidenschaft zum Automobil Schon in meiner Kindheit hat mich das Automobil fasziniert. Wie jeder Junge hatte auch ich meinen Traumberuf. Rennfahrer [&hellip;]<\/p>\n","protected":false},"author":1,"featured_media":0,"parent":0,"menu_order":0,"comment_status":"closed","ping_status":"closed","template":"","meta":{"ngg_post_thumbnail":0},"_links":{"self":[{"href":"https:\/\/overlander.reisen\/index.php?rest_route=\/wp\/v2\/pages\/24"}],"collection":[{"href":"https:\/\/overlander.reisen\/index.php?rest_route=\/wp\/v2\/pages"}],"about":[{"href":"https:\/\/overlander.reisen\/index.php?rest_route=\/wp\/v2\/types\/page"}],"author":[{"embeddable":true,"href":"https:\/\/overlander.reisen\/index.php?rest_route=\/wp\/v2\/users\/1"}],"replies":[{"embeddable":true,"href":"https:\/\/overlander.reisen\/index.php?rest_route=%2Fwp%2Fv2%2Fcomments&post=24"}],"version-history":[{"count":4,"href":"https:\/\/overlander.reisen\/index.php?rest_route=\/wp\/v2\/pages\/24\/revisions"}],"predecessor-version":[{"id":1230,"href":"https:\/\/overlander.reisen\/index.php?rest_route=\/wp\/v2\/pages\/24\/revisions\/1230"}],"wp:attachment":[{"href":"https:\/\/overlander.reisen\/index.php?rest_route=%2Fwp%2Fv2%2Fmedia&parent=24"}],"curies":[{"name":"wp","href":"https:\/\/api.w.org\/{rel}","templated":true}]}}