{"id":26,"date":"2016-12-15T11:53:06","date_gmt":"2016-12-15T11:53:06","guid":{"rendered":"https:\/\/overlander.reisen\/?page_id=26"},"modified":"2016-12-16T12:56:48","modified_gmt":"2016-12-16T12:56:48","slug":"home","status":"publish","type":"page","link":"https:\/\/overlander.reisen\/","title":{"rendered":"Home"},"content":{"rendered":"<p>Diese Homepage ist auf neugierige Fragen meiner M\u00e4dels und Azubis in M\u00fcnchen zur\u00fcckzuf\u00fchren. Sie waren schon immer daran interessiert, wie ich meine Freizeit verbringe. Nachdem ich immer wieder darauf angesprochen wurde, was ich denn nach der Beendigung meiner beruflichen T\u00e4tigkeit machen werde, habe ich mich entschlossen diese Themen in einer Homepage zu pr\u00e4sentieren.<\/p>\n<p>&nbsp;<\/p>\n<p>&nbsp;<\/p>\n<p><img decoding=\"async\" loading=\"lazy\" class=\"alignnone wp-image-13\" src=\"https:\/\/overlander.reisen\/wp-content\/uploads\/2016\/12\/Aussie-300x291.jpg\" alt=\"\" width=\"447\" height=\"434\" srcset=\"https:\/\/overlander.reisen\/wp-content\/uploads\/2016\/12\/Aussie-300x291.jpg 300w, https:\/\/overlander.reisen\/wp-content\/uploads\/2016\/12\/Aussie-230x223.jpg 230w, https:\/\/overlander.reisen\/wp-content\/uploads\/2016\/12\/Aussie-350x340.jpg 350w, https:\/\/overlander.reisen\/wp-content\/uploads\/2016\/12\/Aussie.jpg 437w\" sizes=\"(max-width: 447px) 100vw, 447px\" \/><\/p>\n","protected":false},"excerpt":{"rendered":"<p>Diese Homepage ist auf neugierige Fragen meiner M\u00e4dels und Azubis in M\u00fcnchen zur\u00fcckzuf\u00fchren. Sie waren schon immer daran interessiert, wie ich meine [&hellip;]<\/p>\n","protected":false},"author":1,"featured_media":0,"parent":0,"menu_order":0,"comment_status":"closed","ping_status":"closed","template":"","meta":{"ngg_post_thumbnail":0},"_links":{"self":[{"href":"https:\/\/overlander.reisen\/index.php?rest_route=\/wp\/v2\/pages\/26"}],"collection":[{"href":"https:\/\/overlander.reisen\/index.php?rest_route=\/wp\/v2\/pages"}],"about":[{"href":"https:\/\/overlander.reisen\/index.php?rest_route=\/wp\/v2\/types\/page"}],"author":[{"embeddable":true,"href":"https:\/\/overlander.reisen\/index.php?rest_route=\/wp\/v2\/users\/1"}],"replies":[{"embeddable":true,"href":"https:\/\/overlander.reisen\/index.php?rest_route=%2Fwp%2Fv2%2Fcomments&post=26"}],"version-history":[{"count":4,"href":"https:\/\/overlander.reisen\/index.php?rest_route=\/wp\/v2\/pages\/26\/revisions"}],"predecessor-version":[{"id":344,"href":"https:\/\/overlander.reisen\/index.php?rest_route=\/wp\/v2\/pages\/26\/revisions\/344"}],"wp:attachment":[{"href":"https:\/\/overlander.reisen\/index.php?rest_route=%2Fwp%2Fv2%2Fmedia&parent=26"}],"curies":[{"name":"wp","href":"https:\/\/api.w.org\/{rel}","templated":true}]}}