{"id":38,"date":"2016-12-15T12:11:01","date_gmt":"2016-12-15T12:11:01","guid":{"rendered":"https:\/\/overlander.reisen\/?page_id=38"},"modified":"2017-01-23T15:13:19","modified_gmt":"2017-01-23T15:13:19","slug":"mgc-2","status":"publish","type":"page","link":"https:\/\/overlander.reisen\/?page_id=38","title":{"rendered":"MGC"},"content":{"rendered":"<p><strong>Der MGC Baujahr1968<\/strong><\/p>\n<p>Der MGC ist das zweite Auto, welches ich als Restaurationsobjekt angeschafft habe. Der Zustand sollte ganz ordentlich sein, gute Substanz und eigentlich nicht viel daran zu restaurieren. Das Fahrzeug stammt aus USA und ich habe es in diesem Zustand aus Rotterdam abgeholt. Nach der Erfahrung mit meinem MGA habe ich f\u00fcr den MGC nur 2 Jahre zur Restauration ben\u00f6tigt. Der MGC ist heute eine Rarit\u00e4t, da das Modell in dieser Version nur ca. 1500 mal gebaut wurde.<\/p>\n<p>&nbsp;<\/p>\nngg_shortcode_0_placeholder\n<p>Bis auf einige M\u00e4ngel machte der MGC einen ganz guten Eindruck. Der Lack war zwar nicht der Beste, aber auch nicht sooo schlecht. Das Bodenblech vorn links war durchgerostet, das Armaturenbrett eingerissen, das Verdeck eingerissen und ein kleiner Heckschaden war vorhanden. Der Aufwand aus dem MGC wieder ein sch\u00f6nes Auto zu machen sollte also nicht besonders gro\u00df sein.<\/p>\n<p><strong>Das sollte sich bei den weiteren Arbeiten immer mehr \u00e4ndern.<\/strong><\/p>\n<p>&nbsp;<\/p>\nngg_shortcode_1_placeholder\n<p>Unter der Karosserie war schon etlicher Rost vorhanden, aber keine Durchrostungen, bis auf die Bodenbleche vor den Sitzen. Die sollten ersetzt werden. Auch das Heck sollte teilweise erneuert werden und der Kofferraum war auch sehr verrostet. Jetzt kamen auch die Einzelteile des Fahrwerks zum Vorschein. Auch diese Teile sollten vom Rost befreit werden.<\/p>\n<p><strong>Also doch etwas mehr Arbeit als gedacht. Und so ging es weiter.<\/strong><\/p>\n<p>Nachdem der Lack im Motorraum durch vorausgegengene Arbeiten gro\u00dfen Kontakt mit Bremsfl\u00fcssigkeit gehabt haben musste, war es nicht mehr weit den Motor samt Getriebe, das Fahrwerk, die Innenausstattung und alle Anbauteile zu demontieren. In diesem Zustand konnte die Karosse jetzt zum Sandstrahlen, um jeglichen Rost zu beseitigen.<\/p>\n<p><strong>Fazit: Das wird mal wieder eine Totalrestauration mit allen Arbeiten die dazu geh\u00f6ren.<\/strong><\/p>\n<p>&nbsp;<\/p>\nngg_shortcode_2_placeholder\n<p>Jetzt schnell wieder aufgebaut, damit die sandgestrahlte Karosserie keine Feuchtigkeit abbekommt, sonst gibt es gleich wieder Rost. Also erst einmal gr\u00fcndlich gereinigt und konserviert. Danach konnte es gem\u00fctlich weitergehen. Schrittweise wurden jetzt alle Teile \u00fcberarbeitet und wieder zusammengebaut. Korosserie, Fahrwerk und Innenausstattung. Der Motor konnte mechanisch so bleiben, aber das Automatikgetriebe wurde komplett \u00fcberholt.<\/p>\n<p><strong>So langsam nahm das Auto wieder Gestalt an<\/strong>.<\/p>\n<p>&nbsp;<\/p>\nngg_shortcode_3_placeholder\n<p>Die Karosserie war jetzt soweit, dass die Mechanik und die Innenausstattung montiert werden konnte. Die Teile wurden simultan zur Karosserie bearbeitet und so konnte viel Zeit gespart werden.<\/p>\n<p><strong>Die Fertigstellung konnte jetzt nicht mehr lange dauern<\/strong><\/p>\n<p>&nbsp;<\/p>\nngg_shortcode_4_placeholder\n<p>Bei der Restauration wurden einige Verbesserungen zum Originalzustand vorgenommen. So wurde das Armaturenbrett mit Leder bezogen und die Farbe statt schwarz in einem hellen braun, eher cremebeige, ausgef\u00fchrt. Die Sitze wurden durch Recarositze mit Kopfst\u00fctzen ersetzt und es wurden 3-Punkt Sicherheitsgurte nachger\u00fcstet. Durch diese Ma\u00dfnahmen wurde zwar der Originalzustand ver\u00e4ndert, die Sicherheit allerdings wesentlich erh\u00f6ht. Auch das relativ einfache Holzlenkrad wurde durch ein stabileres ersetzt. Aus optischen Gr\u00fcnden wurden sehr viele Bauteile im Motorraum verchromt.<\/p>\n<p><strong>Jetzt war der MGC endlich wieder ein richtiges Auto, fast so gut wie ein Neuwagen und genau so wie ich mir einen englischen Roadster immer vorgestellt hatte.<\/strong><\/p>\n<p>&nbsp;<\/p>\nngg_shortcode_5_placeholder\n","protected":false},"excerpt":{"rendered":"<p>Der MGC Baujahr1968 Der MGC ist das zweite Auto, welches ich als Restaurationsobjekt angeschafft habe. Der Zustand sollte ganz ordentlich sein, gute [&hellip;]<\/p>\n","protected":false},"author":1,"featured_media":0,"parent":0,"menu_order":0,"comment_status":"closed","ping_status":"closed","template":"","meta":{"ngg_post_thumbnail":0},"_links":{"self":[{"href":"https:\/\/overlander.reisen\/index.php?rest_route=\/wp\/v2\/pages\/38"}],"collection":[{"href":"https:\/\/overlander.reisen\/index.php?rest_route=\/wp\/v2\/pages"}],"about":[{"href":"https:\/\/overlander.reisen\/index.php?rest_route=\/wp\/v2\/types\/page"}],"author":[{"embeddable":true,"href":"https:\/\/overlander.reisen\/index.php?rest_route=\/wp\/v2\/users\/1"}],"replies":[{"embeddable":true,"href":"https:\/\/overlander.reisen\/index.php?rest_route=%2Fwp%2Fv2%2Fcomments&post=38"}],"version-history":[{"count":35,"href":"https:\/\/overlander.reisen\/index.php?rest_route=\/wp\/v2\/pages\/38\/revisions"}],"predecessor-version":[{"id":802,"href":"https:\/\/overlander.reisen\/index.php?rest_route=\/wp\/v2\/pages\/38\/revisions\/802"}],"wp:attachment":[{"href":"https:\/\/overlander.reisen\/index.php?rest_route=%2Fwp%2Fv2%2Fmedia&parent=38"}],"curies":[{"name":"wp","href":"https:\/\/api.w.org\/{rel}","templated":true}]}}