{"id":39,"date":"2016-12-15T12:11:01","date_gmt":"2016-12-15T12:11:01","guid":{"rendered":"https:\/\/overlander.reisen\/?page_id=39"},"modified":"2016-12-18T13:38:16","modified_gmt":"2016-12-18T13:38:16","slug":"jaguar-e-type","status":"publish","type":"page","link":"https:\/\/overlander.reisen\/?page_id=39","title":{"rendered":"Jaguar E-Type"},"content":{"rendered":"<p><strong>Der Jaguar E-Type Baujahr1973<br \/>\n<\/strong><\/p>\n<p>&nbsp;<\/p>\n<p>Die Ikone des britischen Automobilbaus.<\/p>\n<p>Dieses Fahrzeug habe ich 2015 aus USA importiert. Es wurde dort gr\u00fcndlich restauriert. Trotzdem musste ich gleich einige Fehler beseitigen lassen. So wurde die Handbremsmechanik nicht eingeh\u00e4ngt und die Bremsanlage der Hinterachse nur halbherzig instandgesetzt. Wer das Fahrzeug kennt, wei\u00df, dass f\u00fcr diese Arbeiten die gesamte Hinterachse ausgebaut werden muss. Bis auf kleine M\u00e4ngel ist jetzt alles wieder behoben und die Ikone kann seit Mai 2016 wieder auf der Strasse bewegt werden.<\/p>\nngg_shortcode_0_placeholder\n","protected":false},"excerpt":{"rendered":"<p>Der Jaguar E-Type Baujahr1973 &nbsp; Die Ikone des britischen Automobilbaus. Dieses Fahrzeug habe ich 2015 aus USA importiert. Es wurde dort gr\u00fcndlich [&hellip;]<\/p>\n","protected":false},"author":1,"featured_media":0,"parent":0,"menu_order":0,"comment_status":"closed","ping_status":"closed","template":"","meta":{"ngg_post_thumbnail":0},"_links":{"self":[{"href":"https:\/\/overlander.reisen\/index.php?rest_route=\/wp\/v2\/pages\/39"}],"collection":[{"href":"https:\/\/overlander.reisen\/index.php?rest_route=\/wp\/v2\/pages"}],"about":[{"href":"https:\/\/overlander.reisen\/index.php?rest_route=\/wp\/v2\/types\/page"}],"author":[{"embeddable":true,"href":"https:\/\/overlander.reisen\/index.php?rest_route=\/wp\/v2\/users\/1"}],"replies":[{"embeddable":true,"href":"https:\/\/overlander.reisen\/index.php?rest_route=%2Fwp%2Fv2%2Fcomments&post=39"}],"version-history":[{"count":8,"href":"https:\/\/overlander.reisen\/index.php?rest_route=\/wp\/v2\/pages\/39\/revisions"}],"predecessor-version":[{"id":794,"href":"https:\/\/overlander.reisen\/index.php?rest_route=\/wp\/v2\/pages\/39\/revisions\/794"}],"wp:attachment":[{"href":"https:\/\/overlander.reisen\/index.php?rest_route=%2Fwp%2Fv2%2Fmedia&parent=39"}],"curies":[{"name":"wp","href":"https:\/\/api.w.org\/{rel}","templated":true}]}}