{"id":61,"date":"2016-12-15T12:12:42","date_gmt":"2016-12-15T12:12:42","guid":{"rendered":"https:\/\/overlander.reisen\/?page_id=61"},"modified":"2020-10-12T16:13:40","modified_gmt":"2020-10-12T16:13:40","slug":"europa","status":"publish","type":"page","link":"https:\/\/overlander.reisen\/?page_id=61","title":{"rendered":"Europa"},"content":{"rendered":"\n<p><strong>Niederlande<\/strong> <strong>2014<\/strong><\/p>\n\n\n\n<p>Die Niederlande ist das ideale Reiseland f\u00fcr diejenigen, die gern Radfahren bei Wind und Wetter und die gern Wasser und l\u00e4ndliche Gegenden m\u00f6gen.<\/p>\n\n\n\n<p>Hier habe ich 2014 eine Radtour gebucht, die mich in 1 Woche an verschiedene Orte gef\u00fchrt hat. Um mein Gep\u00e4ck musste ich mich nicht k\u00fcmmern, da die \u00dcbernachtungen auf der Route festgelegt waren und somit das Gep\u00e4ck abends immer im richtigen Hotel vorhanden war. Das war sehr praktisch, keine Schlepperei und auf dem Rad nur das was tags\u00fcber ben\u00f6tigt wurde. Die \u00dcbernachtungen waren sehr unterschiedlich, je nach Lage waren sie mal in einer Stadt oder in einem kleinen Ort auf dem Land, alle sehr gem\u00fctlich, komfortabel und einem herzhaften Abendmen\u00fc. Also beste Voraussetzungen um sich auf die Radtour zu konzentrieren. Meine Tour f\u00fchrte mich durch Zeeland und der Start- und Endpunkt war Burg Haamstede. Um etwas Entspannung in das Vergn\u00fcgen zu bringen habe ich hier zu Beginn und zur Abreise jeweils 2 zus\u00e4tzliche Tage im Hotel gebucht. Da der Ort sehr angenehm war hat sich das auch gelohnt, zum Bummeln, Einkaufen und Essen. Hier habe ich auch mein Fahrrad bekommen, sodass ich vom Hotel aus starten konnte. In den Niederlanden werden Radfahrer besonders gut ber\u00fccksichtigt. Sie haben eigene Radwege ohne Autoverkehr und \u00dcberg\u00e4nge an Strassen mit eigenen Ampeln. Sehr sicher und komfortabel. Die meisten Radwege meiner Tour f\u00fcrten mich jedoch \u00fcber Land, ohne Strassenverkehr, in kleine und sehr nette Orte. Um die Tour etwas mitzugestalten, habe ich mir zu den vorgeschlagenen Wegen und Orten eigene hinzugef\u00fcgt. Das ist sehr gut m\u00f6glich, da das Streckennetz mit Ziffern gekennzeichnet ist und man immer gut informiert ist. Bis auf einen Umweg habe ich alles gut gefunden. So macht eine Radtour wirklich Spa\u00df. Nur der Wind hat mir zu schaffen gemacht. Immer hatte ich das Gef\u00fchl, dass ich gegen den Wind fahren musste und das war manchmal schon heftig, besonders an der K\u00fcste. Das war zwar ansrengend aber daf\u00fcr hat das Abendessen dann besser geschmeckt. Insgesamt bin ich 4 Tage mit dem Rad unterwegs gewesen und habe pro Tag ca. 50km zur\u00fcckgelegt. Da war dann immer noch Zeit genug, um sich in den Orten etwas anzusehen. Ich bin im Juni gefahren und hatte keinen Regentag, nur gutes Wetter und Wind. Das Rad hatte eine normale Gangschaltung, nichts elektrisch, schon garnicht der Antrieb. Nur der Sattel h\u00e4tte bequemer sein k\u00f6nnen. Hier noch einige Impressionen von Orten, die ich besucht habe.<\/p>\n\n\n\nngg_shortcode_0_placeholder\n","protected":false},"excerpt":{"rendered":"<p>Niederlande 2014 Die Niederlande ist das ideale Reiseland f\u00fcr diejenigen, die gern Radfahren bei Wind und Wetter und die gern Wasser und [&hellip;]<\/p>\n","protected":false},"author":1,"featured_media":0,"parent":0,"menu_order":0,"comment_status":"closed","ping_status":"closed","template":"","meta":{"ngg_post_thumbnail":0},"_links":{"self":[{"href":"https:\/\/overlander.reisen\/index.php?rest_route=\/wp\/v2\/pages\/61"}],"collection":[{"href":"https:\/\/overlander.reisen\/index.php?rest_route=\/wp\/v2\/pages"}],"about":[{"href":"https:\/\/overlander.reisen\/index.php?rest_route=\/wp\/v2\/types\/page"}],"author":[{"embeddable":true,"href":"https:\/\/overlander.reisen\/index.php?rest_route=\/wp\/v2\/users\/1"}],"replies":[{"embeddable":true,"href":"https:\/\/overlander.reisen\/index.php?rest_route=%2Fwp%2Fv2%2Fcomments&post=61"}],"version-history":[{"count":6,"href":"https:\/\/overlander.reisen\/index.php?rest_route=\/wp\/v2\/pages\/61\/revisions"}],"predecessor-version":[{"id":985,"href":"https:\/\/overlander.reisen\/index.php?rest_route=\/wp\/v2\/pages\/61\/revisions\/985"}],"wp:attachment":[{"href":"https:\/\/overlander.reisen\/index.php?rest_route=%2Fwp%2Fv2%2Fmedia&parent=61"}],"curies":[{"name":"wp","href":"https:\/\/api.w.org\/{rel}","templated":true}]}}